{"id":5206,"date":"2022-11-18T10:54:32","date_gmt":"2022-11-18T07:54:32","guid":{"rendered":"http:\/\/duzgunanaokullari.com\/?page_id=5206"},"modified":"2022-12-01T13:23:32","modified_gmt":"2022-12-01T10:23:32","slug":"scamper-programi","status":"publish","type":"page","link":"https:\/\/duzgunanaokullari.com\/index.php\/scamper-programi\/","title":{"rendered":"SCAMPER Program\u0131"},"content":{"rendered":"<p>[vc_row full_width=&#8221;stretch_row&#8221; css=&#8221;.vc_custom_1475151838273{margin-top: -7px !important;padding-top: 35px !important;padding-bottom: 50px !important;background-color: #fff9f2 !important;}&#8221;][vc_column width=&#8221;1\/2&#8243;][stm_title title=&#8221;SCAMPER Program\u0131&#8221; title_margin_b=&#8221;26px&#8221;][\/stm_title][vc_column_text]Okul \u00f6ncesi e\u011fitimin ama\u00e7lar\u0131ndan biri de \u00e7ocuklar\u0131n yarat\u0131c\u0131 d\u00fc\u015f\u00fcnme becerilerini geli\u015ftirmektir. Farkl\u0131 d\u00fc\u015f\u00fcnme, hayal kurma, orijinallik ve sezgi yarat\u0131c\u0131 d\u00fc\u015f\u00fcnmenin en \u00f6nemli noktalar\u0131d\u0131r. SCAMPER yarat\u0131c\u0131 d\u00fc\u015f\u00fcnmenin geli\u015ftirilmesinde kullan\u0131lan uygulanmas\u0131 kolay, e\u011flenceli bir beyin f\u0131rt\u0131nas\u0131 y\u00f6ntemidir. \u00c7ocuklara farkl\u0131 d\u00fc\u015f\u00fcnme, hayal kurma ve sezgilerini kullanarak \u00f6zg\u00fcn \u00fcr\u00fcnler ortaya koyma \u015fans\u0131 verir.<\/p>\n<p>SCAMPER zihinsel kal\u0131plar\u0131m\u0131z\u0131n \u00f6tesinde hareket etmemizi sa\u011flar. \u00c7ocuklara d\u00fc\u015f\u00fcncelerini de\u011fi\u015ftirmeleri ya da birle\u015ftirmeleri konusunda ad\u0131m att\u0131rarak yarat\u0131c\u0131 d\u00fc\u015f\u00fcnmelerini sa\u011flar. SCAMPER tek bir nesneye y\u00f6neltilen d\u00fc\u015f\u00fcnme y\u00f6ntemi serisidir. Bunun i\u00e7in tek bir nesne se\u00e7ilir ve beyin f\u0131rt\u0131nas\u0131 yoluyla bu nesne de\u011fi\u015ftirilip geli\u015ftirilir. Sorular \u00e7ocu\u011fun daha \u00f6nce al\u0131\u015f\u0131k olmad\u0131\u011f\u0131 bir \u015fekilde onun d\u00fc\u015f\u00fcnmesini sa\u011flar. Bu sorular bir anlamda farkl\u0131 d\u00fc\u015f\u00fcnme becerilerini kazand\u0131rmaya y\u00f6nelik itici bir g\u00fc\u00e7t\u00fcr. \u00c7ocuklar\u0131n d\u00fc\u015f\u00fcncelerini geli\u015ftirip onlar\u0131n ke\u015fif yapmas\u0131n\u0131 cesaretlendirir. Bu sorular \u00e7ocuklar\u0131n yarat\u0131c\u0131l\u0131klar\u0131n\u0131 ve kendi g\u00f6r\u00fc\u015flerini geli\u015ftirmeleri i\u00e7in gereksinimlerine uygun pratik yapma olana\u011f\u0131 yarat\u0131r. Ayr\u0131ca esnek d\u00fc\u015f\u00fcnmeyi ve kal\u0131plar\u0131 y\u0131kmay\u0131 \u00f6\u011fretir. Ba\u015flang\u0131\u00e7ta \u00f6\u011frenciye bilin\u00e7li olarak yapt\u0131rd\u0131\u011f\u0131m\u0131z bu \u00e7al\u0131\u015fmalar daha sonra \u00e7ocu\u011fun bir par\u00e7as\u0131 olacakt\u0131r. \u00c7ocuk bir s\u00fcre sonra s\u00fcrekli olarak \u00e7ok boyutlu d\u00fc\u015f\u00fcnmeye ve konu ne olursa olsun yarat\u0131c\u0131 \u00e7\u00f6z\u00fcmler \u00fcretmeye ba\u015flayacakt\u0131r.[\/vc_column_text][\/vc_column][vc_column width=&#8221;1\/2&#8243; css=&#8221;.vc_custom_1475215424413{padding-top: 65px !important;padding-left: 55px !important;}&#8221; offset=&#8221;vc_hidden-xs&#8221;][stm_slider buttons_on_slider=&#8221;true&#8221;][stm_slider_item img_id=&#8221;5420&#8243; img_size=&#8221;500&#215;376&#8243;][stm_slider_item img_id=&#8221;5422&#8243; img_size=&#8221;500&#215;376&#8243;][\/stm_slider][\/vc_column][\/vc_row]<\/p>\n","protected":false},"excerpt":{"rendered":"<p>[vc_row full_width=&#8221;stretch_row&#8221; css=&#8221;.vc_custom_1475151838273{margin-top: -7px !important;padding-top: 35px !important;padding-bottom: 50px !important;background-color: #fff9f2 !important;}&#8221;][vc_column width=&#8221;1\/2&#8243;][stm_title title=&#8221;SCAMPER Program\u0131&#8221; title_margin_b=&#8221;26px&#8221;][\/stm_title][vc_column_text]Okul \u00f6ncesi e\u011fitimin ama\u00e7lar\u0131ndan biri de \u00e7ocuklar\u0131n yarat\u0131c\u0131 d\u00fc\u015f\u00fcnme becerilerini geli\u015ftirmektir. Farkl\u0131 d\u00fc\u015f\u00fcnme, hayal kurma, orijinallik ve sezgi yarat\u0131c\u0131 d\u00fc\u015f\u00fcnmenin en \u00f6nemli noktalar\u0131d\u0131r. SCAMPER yarat\u0131c\u0131 d\u00fc\u015f\u00fcnmenin geli\u015ftirilmesinde kullan\u0131lan uygulanmas\u0131 kolay, e\u011flenceli bir beyin f\u0131rt\u0131nas\u0131 y\u00f6ntemidir. \u00c7ocuklara farkl\u0131 d\u00fc\u015f\u00fcnme, hayal kurma ve [&hellip;]<\/p>\n","protected":false},"author":1,"featured_media":0,"parent":0,"menu_order":0,"comment_status":"closed","ping_status":"closed","template":"","meta":{"_themeisle_gutenberg_block_has_review":false,"footnotes":""},"class_list":["post-5206","page","type-page","status-publish","hentry"],"_links":{"self":[{"href":"https:\/\/duzgunanaokullari.com\/index.php\/wp-json\/wp\/v2\/pages\/5206","targetHints":{"allow":["GET"]}}],"collection":[{"href":"https:\/\/duzgunanaokullari.com\/index.php\/wp-json\/wp\/v2\/pages"}],"about":[{"href":"https:\/\/duzgunanaokullari.com\/index.php\/wp-json\/wp\/v2\/types\/page"}],"author":[{"embeddable":true,"href":"https:\/\/duzgunanaokullari.com\/index.php\/wp-json\/wp\/v2\/users\/1"}],"replies":[{"embeddable":true,"href":"https:\/\/duzgunanaokullari.com\/index.php\/wp-json\/wp\/v2\/comments?post=5206"}],"version-history":[{"count":5,"href":"https:\/\/duzgunanaokullari.com\/index.php\/wp-json\/wp\/v2\/pages\/5206\/revisions"}],"predecessor-version":[{"id":5423,"href":"https:\/\/duzgunanaokullari.com\/index.php\/wp-json\/wp\/v2\/pages\/5206\/revisions\/5423"}],"wp:attachment":[{"href":"https:\/\/duzgunanaokullari.com\/index.php\/wp-json\/wp\/v2\/media?parent=5206"}],"curies":[{"name":"wp","href":"https:\/\/api.w.org\/{rel}","templated":true}]}}