{"id":21,"date":"2015-11-25T07:32:54","date_gmt":"2015-11-25T04:32:54","guid":{"rendered":"https:\/\/smartyschool.stylemixthemes.com\/?page_id=21"},"modified":"2022-11-30T18:27:54","modified_gmt":"2022-11-30T15:27:54","slug":"okulumuz","status":"publish","type":"page","link":"https:\/\/duzgunanaokullari.com\/index.php\/okulumuz\/","title":{"rendered":"Okulumuz"},"content":{"rendered":"<p>[vc_row full_width=&#8221;stretch_row&#8221; css=&#8221;.vc_custom_1475151838273{margin-top: -7px !important;padding-top: 35px !important;padding-bottom: 50px !important;background-color: #fff9f2 !important;}&#8221;][vc_column width=&#8221;1\/2&#8243;][stm_title title=&#8221;Okulumuz&#8221; title_margin_b=&#8221;26px&#8221;][\/stm_title][vc_column_text]Okulumuzun kapal\u0131 alan\u0131 625 m\u00b2dir. \u00d6\u011frencilerimizin ya\u015f gruplar\u0131na uygun ara\u00e7-gere\u00e7ler ve ak\u0131ll\u0131 tahtalar ile son teknolojiler kullan\u0131larak donat\u0131lm\u0131\u015f 15\u2019er ki\u015filik geni\u015f ve ferah s\u0131n\u0131flardan olu\u015fmaktad\u0131r. K\u00f6t\u00fc hava ko\u015fullar\u0131nda \u00f6\u011frencileri bah\u00e7eye \u00e7\u0131karamad\u0131\u011f\u0131m\u0131z zamanlarda kulland\u0131\u011f\u0131m\u0131z bina i\u00e7erisinde oyun park\u0131 alan\u0131m\u0131z da bulunmaktad\u0131r.[\/vc_column_text][vc_row_inner][vc_column_inner width=&#8221;1\/2&#8243; css=&#8221;.vc_custom_1475150876710{margin-bottom: 35px !important;}&#8221;][stm_icon_box icon_type=&#8221;img&#8221; title=&#8221;Full Day Sessions&#8221; img_id=&#8221;5362&#8243; icon_size=&#8221;75px&#8221; title_link=&#8221;|||&#8221;][\/vc_column_inner][vc_column_inner width=&#8221;1\/2&#8243; css=&#8221;.vc_custom_1475150885419{margin-bottom: 35px !important;}&#8221;][stm_icon_box icon_type=&#8221;img&#8221; title=&#8221;Online Access&#8221; title_link=&#8221;|||&#8221; img_id=&#8221;5375&#8243; icon_size=&#8221;75px&#8221;][\/vc_column_inner][\/vc_row_inner][vc_row_inner][vc_column_inner width=&#8221;1\/2&#8243; css=&#8221;.vc_custom_1475150910998{margin-bottom: 35px !important;}&#8221;][stm_icon_box icon_type=&#8221;img&#8221; title=&#8221;Varied Classes&#8221; img_id=&#8221;5379&#8243; icon_size=&#8221;75px&#8221; title_link=&#8221;|||&#8221;][\/vc_column_inner][vc_column_inner width=&#8221;1\/2&#8243; css=&#8221;.vc_custom_1475150915465{margin-bottom: 35px !important;}&#8221;][stm_icon_box icon_type=&#8221;img&#8221; title=&#8221;Friendly Place&#8221; title_link=&#8221;|||&#8221; img_id=&#8221;5377&#8243; icon_size=&#8221;75px&#8221;][\/vc_column_inner][\/vc_row_inner][\/vc_column][vc_column width=&#8221;1\/2&#8243; css=&#8221;.vc_custom_1475215424413{padding-top: 65px !important;padding-left: 55px !important;}&#8221; offset=&#8221;vc_hidden-xs&#8221;][stm_slider buttons_on_slider=&#8221;true&#8221;][stm_slider_item img_id=&#8221;5378&#8243; img_size=&#8221;500&#215;376&#8243;][stm_slider_item img_id=&#8221;5361&#8243; img_size=&#8221;500&#215;376&#8243;][\/stm_slider][\/vc_column][\/vc_row]<\/p>\n","protected":false},"excerpt":{"rendered":"<p>[vc_row full_width=&#8221;stretch_row&#8221; css=&#8221;.vc_custom_1475151838273{margin-top: -7px !important;padding-top: 35px !important;padding-bottom: 50px !important;background-color: #fff9f2 !important;}&#8221;][vc_column width=&#8221;1\/2&#8243;][stm_title title=&#8221;Okulumuz&#8221; title_margin_b=&#8221;26px&#8221;][\/stm_title][vc_column_text]Okulumuzun kapal\u0131 alan\u0131 625 m\u00b2dir. \u00d6\u011frencilerimizin ya\u015f gruplar\u0131na uygun ara\u00e7-gere\u00e7ler ve ak\u0131ll\u0131 tahtalar ile son teknolojiler kullan\u0131larak donat\u0131lm\u0131\u015f 15\u2019er ki\u015filik geni\u015f ve ferah s\u0131n\u0131flardan olu\u015fmaktad\u0131r. K\u00f6t\u00fc hava ko\u015fullar\u0131nda \u00f6\u011frencileri bah\u00e7eye \u00e7\u0131karamad\u0131\u011f\u0131m\u0131z zamanlarda kulland\u0131\u011f\u0131m\u0131z bina i\u00e7erisinde oyun park\u0131 alan\u0131m\u0131z da bulunmaktad\u0131r.[\/vc_column_text][vc_row_inner][vc_column_inner width=&#8221;1\/2&#8243; css=&#8221;.vc_custom_1475150876710{margin-bottom: [&hellip;]<\/p>\n","protected":false},"author":1,"featured_media":0,"parent":0,"menu_order":0,"comment_status":"closed","ping_status":"closed","template":"","meta":{"_themeisle_gutenberg_block_has_review":false,"footnotes":""},"class_list":["post-21","page","type-page","status-publish","hentry"],"_links":{"self":[{"href":"https:\/\/duzgunanaokullari.com\/index.php\/wp-json\/wp\/v2\/pages\/21","targetHints":{"allow":["GET"]}}],"collection":[{"href":"https:\/\/duzgunanaokullari.com\/index.php\/wp-json\/wp\/v2\/pages"}],"about":[{"href":"https:\/\/duzgunanaokullari.com\/index.php\/wp-json\/wp\/v2\/types\/page"}],"author":[{"embeddable":true,"href":"https:\/\/duzgunanaokullari.com\/index.php\/wp-json\/wp\/v2\/users\/1"}],"replies":[{"embeddable":true,"href":"https:\/\/duzgunanaokullari.com\/index.php\/wp-json\/wp\/v2\/comments?post=21"}],"version-history":[{"count":8,"href":"https:\/\/duzgunanaokullari.com\/index.php\/wp-json\/wp\/v2\/pages\/21\/revisions"}],"predecessor-version":[{"id":5383,"href":"https:\/\/duzgunanaokullari.com\/index.php\/wp-json\/wp\/v2\/pages\/21\/revisions\/5383"}],"wp:attachment":[{"href":"https:\/\/duzgunanaokullari.com\/index.php\/wp-json\/wp\/v2\/media?parent=21"}],"curies":[{"name":"wp","href":"https:\/\/api.w.org\/{rel}","templated":true}]}}